{"id":891,"date":"2023-07-31T15:43:49","date_gmt":"2023-07-31T13:43:49","guid":{"rendered":"https:\/\/www.jidet.com\/en\/?page_id=891"},"modified":"2023-07-31T15:50:25","modified_gmt":"2023-07-31T13:50:25","slug":"politique-de-confidentialite-2","status":"publish","type":"page","link":"https:\/\/www.jidet.com\/en\/politique-de-confidentialite-2\/","title":{"rendered":"POLITIQUE DE CONFIDENTIALIT\u00c9"},"content":{"rendered":"<section class=\"wpb-content-wrapper\"><p>[vc_row][vc_column][vc_empty_space][\/vc_column][\/vc_row][vc_row][vc_column][vc_column_text el_class=&#8221;txt-rouge fin h4-to-txt&#8221; css=&#8221;.vc_custom_1690811129427{margin-bottom: 0px !important;}&#8221;]<\/p>\n<h4>DONN\u00c9ES PERSONNELLES COLLECT\u00c9ES<\/h4>\n<p>[\/vc_column_text][vc_column_text el_class=&#8221;txt-noir&#8221;]Vous pouvez consulter le site internet de\u00a0<span class=\"maj\">Jidet<\/span>\u00a0sans vous identifier.<\/p>\n<p><strong>Nous collectons, traitons et utilisons les donn\u00e9es personnelles que vous nous fournissez pour\u00a0:<\/strong><\/p>\n<ul>\n<li>Vous envoyer nos communications professionnelles (newsletters, invitations, nouveaut\u00e9s&#8230;).<\/li>\n<li>R\u00e9pondre \u00e0 vos demandes formul\u00e9es via le formulaire de contact.<\/li>\n<\/ul>\n<p><strong><span class=\"maj\">Jidet<\/span>\u00a0s\u2019engage \u00e0 ne collecter que les informations n\u00e9cessaires au traitement de votre demande :<\/strong><\/p>\n<ul>\n<li>Newsletters: adresse email.<\/li>\n<li>Formulaire de contact: nom et pr\u00e9nom, adresse, num\u00e9ro de t\u00e9l\u00e9phone, adresse email.<\/li>\n<\/ul>\n<p>Pour chaque collecte de donn\u00e9es personnelles sur le site, nous indiquons la finalit\u00e9 du traitement, les destinataires et la dur\u00e9e de conservation de ces donn\u00e9es. Chacune de ces collectes n\u00e9cessite votre consentement.<\/p>\n<p>Certaines donn\u00e9es sont collect\u00e9es automatiquement du fait des actions de l\u2019utilisateur sur le site (voir le paragraphe Cookies).[\/vc_column_text][\/vc_column][\/vc_row][vc_row][vc_column][vc_column_text el_class=&#8221;txt-rouge fin h4-to-txt&#8221; css=&#8221;.vc_custom_1690811157619{margin-bottom: 0px !important;}&#8221;]<\/p>\n<h4>TRANSMISSIONS<\/h4>\n<p>[\/vc_column_text][vc_column_text]Les donn\u00e9es \u00e0 caract\u00e8re personnel collect\u00e9es sont destin\u00e9es aux services internes de\u00a0<span class=\"maj\">Jidet<\/span>. Elles peuvent \u00eatre transmises \u00e0 nos partenaires et sous-traitants si cette transmission est n\u00e9cessaire \u00e0 l\u2019ex\u00e9cution du service attendu. En dehors de ces cas, la divulgation des donn\u00e9es \u00e0 caract\u00e8re personnel \u00e0 des tiers ne pourra intervenir que sur demande des autorit\u00e9s l\u00e9galement comp\u00e9tentes, sur r\u00e9quisition judiciaire, ou dans le cadre d\u2019un contentieux judiciaire.<\/p>\n<p><span class=\"maj\">Jidet<\/span>\u00a0ne c\u00e8de ni ne loue les donn\u00e9es \u00e0 caract\u00e8re personnel \u00e0 des tiers \u00e0 des fins de marketing.[\/vc_column_text][\/vc_column][\/vc_row][vc_row][vc_column][vc_column_text el_class=&#8221;txt-rouge fin h4-to-txt&#8221; css=&#8221;.vc_custom_1690811177611{margin-bottom: 0px !important;}&#8221;]<\/p>\n<h4>DUR\u00c9E DE CONSERVATION DES DONN\u00c9ES<\/h4>\n<p>[\/vc_column_text][vc_column_text]Pour satisfaire \u00e0 ses obligations l\u00e9gales ou afin de disposer des \u00e9l\u00e9ments n\u00e9cessaires pour faire valoir ses droits,\u00a0<span class=\"maj\">Jidet<\/span>\u00a0pourra archiver les donn\u00e9es \u00e0 caract\u00e8re personnel dans les conditions pr\u00e9vues par la loi.<\/p>\n<p>Les donn\u00e9es \u00e0 caract\u00e8re personnel collect\u00e9es via le site de\u00a0<span class=\"maj\">Jidet<\/span>\u00a0sont archiv\u00e9es pendant une dur\u00e9e maximum de deux ans \u00e0 compter du dernier contact avec les utilisateurs.[\/vc_column_text][\/vc_column][\/vc_row][vc_row][vc_column][vc_column_text el_class=&#8221;txt-rouge fin h4-to-txt&#8221; css=&#8221;.vc_custom_1690811199569{margin-bottom: 0px !important;}&#8221;]<\/p>\n<h4>S\u00c9CURIT\u00c9<\/h4>\n<p>[\/vc_column_text][vc_column_text]<span class=\"maj\">Jidet<\/span>\u00a0attache beaucoup d\u2019importance \u00e0 la s\u00e9curit\u00e9 des donn\u00e9es personnelles, et veille \u00e0 prendre toutes les mesures pour restreindre les risques de perte, de d\u00e9t\u00e9rioration ou de mauvaise utilisation de ces donn\u00e9es.<\/p>\n<p>Ces mesures sont d\u2019ordre techniques, au travers de la protection des outils et mat\u00e9riels informatiques, et organisationnelles, au travers de la gestion des droits d\u2019acc\u00e8s des personnels et des autorisations d\u203aacc\u00e8s au donn\u00e9es.[\/vc_column_text][\/vc_column][\/vc_row][vc_row][vc_column][vc_column_text el_class=&#8221;txt-rouge fin h4-to-txt&#8221; css=&#8221;.vc_custom_1690811221338{margin-bottom: 0px !important;}&#8221;]<\/p>\n<h4>EXERCER VOS DROITS<\/h4>\n<p>[\/vc_column_text][vc_column_text]Vous disposez d\u2019un droit d\u2019acc\u00e8s, de rectification et de suppression de vos donn\u00e9es personnelles. Vous pouvez exercer ce droits en vous adressant par email \u00e0 dpo@plaisance.pro<\/p>\n<p>Vous pouvez vous d\u00e9sinscrire de la newsletter de\u00a0<span class=\"maj\">Jidet<\/span>\u00a0en suivant les liens de d\u00e9sinscription figurant dans chacun de ces emails.<\/p>\n<p><span class=\"maj\">Jidet<\/span>\u00a0a d\u00e9sign\u00e9 un Data Protection Officer (DPO &#8211; Responsable des traitement) qui peut \u00eatre contact\u00e9 \u00e0 l\u2019adresse suivante: dpo@jidet.com[\/vc_column_text][\/vc_column][\/vc_row][vc_row][vc_column][vc_column_text el_class=&#8221;txt-rouge fin h4-to-txt&#8221; css=&#8221;.vc_custom_1690811243611{margin-bottom: 0px !important;}&#8221;]<\/p>\n<h4>COOKIES<\/h4>\n<p>[\/vc_column_text][vc_column_text]Nous utilisons diff\u00e9rents cookies sur le site pour am\u00e9liorer l\u2019interactivit\u00e9 du site et nos services.<\/p>\n<p><strong>Qu&#8217;est-ce qu&#8217;un &#8220;cookie&#8221; ?<\/strong><\/p>\n<p>Un &#8220;cookie&#8221; est une suite d&#8217;informations, g\u00e9n\u00e9ralement de petite taille et identifi\u00e9 par un nom, qui peut \u00eatre transmis \u00e0 votre navigateur par un site web sur lequel vous vous connectez. Votre navigateur web le conservera pendant une certaine dur\u00e9e, et le renverra au serveur web chaque fois que vous vous y re-connecterez. Les cookies ont de multiples usages : ils peuvent servir \u00e0 m\u00e9moriser votre identifiant client aupr\u00e8s d&#8217;un site marchand, le contenu courant de votre panier d&#8217;achat, un identifiant permettant de tracer votre navigation pour des finalit\u00e9s statistiques ou publicitaires, etc.<\/p>\n<p><strong>Cookies internes n\u00e9cessaires \u00e0 la navigation sur le site<\/strong><\/p>\n<p>Ces cookies permettent au site de fonctionner de mani\u00e8re optimale. Vous pouvez vous y opposer et les supprimer en utilisant les param\u00e8tres de votre navigateur, cependant votre exp\u00e9rience utilisateur risque d\u2019\u00eatre d\u00e9grad\u00e9e.<\/p>\n<p><strong>Cookies de mesure d\u2019audience<\/strong><\/p>\n<p>Ces cookies permettent de conna\u00eetre l\u2019utilisation et les performances du site. Ces mesures sont r\u00e9alis\u00e9es avec l\u2019outil de web analytics Matomo et aucune donn\u00e9es de navigation n\u2019est transmise \u00e0 une r\u00e9gis publicitaire externe.<\/p>\n<p><strong>Gestion des cookies<\/strong><\/p>\n<p>Les Utilisateurs ont la possibilit\u00e9 d\u2019accepter ou de refuser les cookies sur le site ou de les refuser une fois pour toutes en param\u00e9trant leur navigateur.[\/vc_column_text][\/vc_column][\/vc_row][vc_row][vc_column][vc_column_text el_class=&#8221;txt-rouge fin h4-to-txt&#8221; css=&#8221;.vc_custom_1690811270585{margin-bottom: 0px !important;}&#8221;]<\/p>\n<h4>MODIFICATION DE LA POLITIQUE DE CONFIDENTIALIT\u00c9<\/h4>\n<p>[\/vc_column_text][vc_column_text]<span class=\"maj\">Jidet<\/span>\u00a0se r\u00e9serve le droit de faire \u00e9voluer la pr\u00e9sente politique de confidentialit\u00e9 afin de se conformer aux modifications des lois et r\u00e9glementations en vigueur.[\/vc_column_text][\/vc_column][\/vc_row][vc_row][vc_column][vc_column_text el_class=&#8221;txt-rouge fin h4-to-txt&#8221; css=&#8221;.vc_custom_1690811290242{margin-bottom: 0px !important;}&#8221;]<\/p>\n<h4>CONTACT<\/h4>\n<p>[\/vc_column_text][vc_column_text]<\/p>\n<div class=\"ce_text mentions first block\">\n<p>Toute question concernant la politique de confidentialit\u00e9 de\u00a0<span class=\"maj\">Jidet<\/span>\u00a0peut \u00eatre adress\u00e9e par email \u00e0 dpo@jidet.com<\/p>\n<\/div>\n<p>[\/vc_column_text][\/vc_column][\/vc_row][vc_row][vc_column][vc_column_text]<\/p>\n<p id=\"textOptOut\">Vous pouvez vous opposer au suivi de votre navigation sur ce site web. Cela prot\u00e9gera votre vie priv\u00e9e, mais emp\u00eachera \u00e9galement le propri\u00e9taire d&#8217;apprendre de vos actions et de cr\u00e9er une meilleure exp\u00e9rience pour vous et les autres utilisateurs.<\/p>\n<form action=\"https:\/\/analytics.multimages.fr\/index.php?module=CoreAdminHome&amp;action=optOut&amp;language=fr&amp;setCookieInNewWindow=1&amp;nonce=3f0f67705538914a85e22e65011941af\" method=\"post\" target=\"_blank\"><input id=\"trackVisits\" checked=\"checked\" name=\"trackVisits\" type=\"checkbox\" \/>\u00a0<label for=\"trackVisits\"><strong><span id=\"labelOptOut\">Vous n&#8217;\u00eates pas exclu(e). D\u00e9cochez cette case pour vous exclure.<\/span><\/strong><\/label><\/form>\n<p>[\/vc_column_text][\/vc_column][\/vc_row]<\/p>\n<\/section>","protected":false},"excerpt":{"rendered":"<p>[vc_row][vc_column][vc_empty_space][\/vc_column][\/vc_row][vc_row][vc_column][vc_column_text el_class=&#8221;txt-rouge fin h4-to-txt&#8221; css=&#8221;.vc_custom_1690811129427{margin-bottom: 0px !important;}&#8221;] DONN\u00c9ES PERSONNELLES COLLECT\u00c9ES [\/vc_column_text][vc_column_text el_class=&#8221;txt-noir&#8221;]Vous pouvez consulter le site internet de\u00a0Jidet\u00a0sans vous identifier. Nous collectons, traitons et utilisons les<span class=\"excerpt-hellip\"> [\u2026]<\/span><\/p>\n","protected":false},"author":1,"featured_media":0,"parent":0,"menu_order":0,"comment_status":"closed","ping_status":"closed","template":"","meta":{"footnotes":""},"class_list":["post-891","page","type-page","status-publish","hentry"],"yoast_head":"<!-- This site is optimized with the Yoast SEO plugin v27.3 - https:\/\/yoast.com\/product\/yoast-seo-wordpress\/ -->\n<title>POLITIQUE DE CONFIDENTIALIT\u00c9 - JIDET - EN<\/title>\n<meta name=\"robots\" content=\"index, follow, max-snippet:-1, max-image-preview:large, max-video-preview:-1\" \/>\n<link rel=\"canonical\" href=\"https:\/\/www.jidet.com\/en\/politique-de-confidentialite-2\/\" \/>\n<meta property=\"og:locale\" content=\"en_GB\" \/>\n<meta property=\"og:type\" content=\"article\" \/>\n<meta property=\"og:title\" content=\"POLITIQUE DE CONFIDENTIALIT\u00c9 - JIDET - EN\" \/>\n<meta property=\"og:description\" content=\"[vc_row][vc_column][vc_empty_space][\/vc_column][\/vc_row][vc_row][vc_column][vc_column_text el_class=&#8221;txt-rouge fin h4-to-txt&#8221; css=&#8221;.vc_custom_1690811129427{margin-bottom: 0px !important;}&#8221;] DONN\u00c9ES PERSONNELLES COLLECT\u00c9ES [\/vc_column_text][vc_column_text el_class=&#8221;txt-noir&#8221;]Vous pouvez consulter le site internet de\u00a0Jidet\u00a0sans vous identifier. Nous collectons, traitons et utilisons les [\u2026]\" \/>\n<meta property=\"og:url\" content=\"https:\/\/www.jidet.com\/en\/politique-de-confidentialite-2\/\" \/>\n<meta property=\"og:site_name\" content=\"JIDET - EN\" \/>\n<meta property=\"article:modified_time\" content=\"2023-07-31T13:50:25+00:00\" \/>\n<meta name=\"twitter:card\" content=\"summary_large_image\" \/>\n<meta name=\"twitter:label1\" content=\"Estimated reading time\" \/>\n\t<meta name=\"twitter:data1\" content=\"5 minutes\" \/>\n<script type=\"application\/ld+json\" class=\"yoast-schema-graph\">{\"@context\":\"https:\\\/\\\/schema.org\",\"@graph\":[{\"@type\":\"WebPage\",\"@id\":\"https:\\\/\\\/www.jidet.com\\\/en\\\/politique-de-confidentialite-2\\\/\",\"url\":\"https:\\\/\\\/www.jidet.com\\\/en\\\/politique-de-confidentialite-2\\\/\",\"name\":\"POLITIQUE DE CONFIDENTIALIT\u00c9 - JIDET - EN\",\"isPartOf\":{\"@id\":\"https:\\\/\\\/www.jidet.com\\\/en\\\/#website\"},\"datePublished\":\"2023-07-31T13:43:49+00:00\",\"dateModified\":\"2023-07-31T13:50:25+00:00\",\"inLanguage\":\"en-GB\",\"potentialAction\":[{\"@type\":\"ReadAction\",\"target\":[\"https:\\\/\\\/www.jidet.com\\\/en\\\/politique-de-confidentialite-2\\\/\"]}]},{\"@type\":\"WebSite\",\"@id\":\"https:\\\/\\\/www.jidet.com\\\/en\\\/#website\",\"url\":\"https:\\\/\\\/www.jidet.com\\\/en\\\/\",\"name\":\"JIDET - EN\",\"description\":\"\",\"potentialAction\":[{\"@type\":\"SearchAction\",\"target\":{\"@type\":\"EntryPoint\",\"urlTemplate\":\"https:\\\/\\\/www.jidet.com\\\/en\\\/?s={search_term_string}\"},\"query-input\":{\"@type\":\"PropertyValueSpecification\",\"valueRequired\":true,\"valueName\":\"search_term_string\"}}],\"inLanguage\":\"en-GB\"}]}<\/script>\n<!-- \/ Yoast SEO plugin. -->","yoast_head_json":{"title":"POLITIQUE DE CONFIDENTIALIT\u00c9 - JIDET - EN","robots":{"index":"index","follow":"follow","max-snippet":"max-snippet:-1","max-image-preview":"max-image-preview:large","max-video-preview":"max-video-preview:-1"},"canonical":"https:\/\/www.jidet.com\/en\/politique-de-confidentialite-2\/","og_locale":"en_GB","og_type":"article","og_title":"POLITIQUE DE CONFIDENTIALIT\u00c9 - JIDET - EN","og_description":"[vc_row][vc_column][vc_empty_space][\/vc_column][\/vc_row][vc_row][vc_column][vc_column_text el_class=&#8221;txt-rouge fin h4-to-txt&#8221; css=&#8221;.vc_custom_1690811129427{margin-bottom: 0px !important;}&#8221;] DONN\u00c9ES PERSONNELLES COLLECT\u00c9ES [\/vc_column_text][vc_column_text el_class=&#8221;txt-noir&#8221;]Vous pouvez consulter le site internet de\u00a0Jidet\u00a0sans vous identifier. Nous collectons, traitons et utilisons les [\u2026]","og_url":"https:\/\/www.jidet.com\/en\/politique-de-confidentialite-2\/","og_site_name":"JIDET - EN","article_modified_time":"2023-07-31T13:50:25+00:00","twitter_card":"summary_large_image","twitter_misc":{"Estimated reading time":"5 minutes"},"schema":{"@context":"https:\/\/schema.org","@graph":[{"@type":"WebPage","@id":"https:\/\/www.jidet.com\/en\/politique-de-confidentialite-2\/","url":"https:\/\/www.jidet.com\/en\/politique-de-confidentialite-2\/","name":"POLITIQUE DE CONFIDENTIALIT\u00c9 - JIDET - EN","isPartOf":{"@id":"https:\/\/www.jidet.com\/en\/#website"},"datePublished":"2023-07-31T13:43:49+00:00","dateModified":"2023-07-31T13:50:25+00:00","inLanguage":"en-GB","potentialAction":[{"@type":"ReadAction","target":["https:\/\/www.jidet.com\/en\/politique-de-confidentialite-2\/"]}]},{"@type":"WebSite","@id":"https:\/\/www.jidet.com\/en\/#website","url":"https:\/\/www.jidet.com\/en\/","name":"JIDET - EN","description":"","potentialAction":[{"@type":"SearchAction","target":{"@type":"EntryPoint","urlTemplate":"https:\/\/www.jidet.com\/en\/?s={search_term_string}"},"query-input":{"@type":"PropertyValueSpecification","valueRequired":true,"valueName":"search_term_string"}}],"inLanguage":"en-GB"}]}},"_links":{"self":[{"href":"https:\/\/www.jidet.com\/en\/wp-json\/wp\/v2\/pages\/891","targetHints":{"allow":["GET"]}}],"collection":[{"href":"https:\/\/www.jidet.com\/en\/wp-json\/wp\/v2\/pages"}],"about":[{"href":"https:\/\/www.jidet.com\/en\/wp-json\/wp\/v2\/types\/page"}],"author":[{"embeddable":true,"href":"https:\/\/www.jidet.com\/en\/wp-json\/wp\/v2\/users\/1"}],"replies":[{"embeddable":true,"href":"https:\/\/www.jidet.com\/en\/wp-json\/wp\/v2\/comments?post=891"}],"version-history":[{"count":4,"href":"https:\/\/www.jidet.com\/en\/wp-json\/wp\/v2\/pages\/891\/revisions"}],"predecessor-version":[{"id":895,"href":"https:\/\/www.jidet.com\/en\/wp-json\/wp\/v2\/pages\/891\/revisions\/895"}],"wp:attachment":[{"href":"https:\/\/www.jidet.com\/en\/wp-json\/wp\/v2\/media?parent=891"}],"curies":[{"name":"wp","href":"https:\/\/api.w.org\/{rel}","templated":true}]}}