{"id":887,"date":"2023-07-31T15:32:51","date_gmt":"2023-07-31T13:32:51","guid":{"rendered":"https:\/\/www.jidet.com\/en\/?page_id=887"},"modified":"2023-07-31T16:17:57","modified_gmt":"2023-07-31T14:17:57","slug":"mentions-legales-credits","status":"publish","type":"page","link":"https:\/\/www.jidet.com\/en\/mentions-legales-credits\/","title":{"rendered":"MENTIONS L\u00c9GALES &#038; CR\u00c9DITS"},"content":{"rendered":"<section class=\"wpb-content-wrapper\"><p>[vc_row][vc_column][vc_empty_space][\/vc_column][\/vc_row][vc_row][vc_column][vc_column_text el_class=&#8221;txt-rouge fin h4-to-txt&#8221; css=&#8221;.vc_custom_1690810439540{margin-bottom: 0px !important;}&#8221;]<\/p>\n<h4>EDITEUR DU SITE<\/h4>\n<p>[\/vc_column_text][vc_column_text]Le pr\u00e9sent site est la propri\u00e9t\u00e9 de la soci\u00e9t\u00e9 JIDET ci-apr\u00e8s nomm\u00e9\u00a0<span class=\"maj\">Jidet<\/span>.<\/p>\n<p><span class=\"maj\">Jidet<br \/>\n<\/span>490 rue du Mar\u00e9chal Juin<br \/>\n45200\u00a0Amilly\u00a0&#8211;\u00a0France<\/p>\n<p>SIRET : 412 441 537 00021<br \/>\nSAS au capital de 2.448.960 \u20ac<\/p>\n<p>Directeur de publication : Monsieur\u00a0Romain Girard[\/vc_column_text][\/vc_column][\/vc_row][vc_row][vc_column][vc_column_text el_class=&#8221;txt-rouge fin h4-to-txt&#8221; css=&#8221;.vc_custom_1690810461755{margin-bottom: 0px !important;}&#8221;]<\/p>\n<h4>H\u00c9BERGEMENT<\/h4>\n<p>[\/vc_column_text][vc_column_text]Ce site est h\u00e9berg\u00e9 par :<\/p>\n<p>Multimages Productions<br \/>\ntel. 02 38 28 10 92<br \/>\n<a href=\"http:\/\/www.multimages.fr\/\" target=\"_blank\" rel=\"noopener\">H\u00e9bergement de site internet<\/a>[\/vc_column_text][\/vc_column][\/vc_row][vc_row][vc_column][vc_column_text el_class=&#8221;txt-rouge fin h4-to-txt&#8221; css=&#8221;.vc_custom_1690810498107{margin-bottom: 0px !important;}&#8221;]<\/p>\n<h4>CR\u00c9DITS<\/h4>\n<p>[\/vc_column_text][vc_column_text]<strong>Cr\u00e9ation graphique<\/strong><\/p>\n<p>SNZ Design &#8211; Ladon<br \/>\n<a href=\"http:\/\/www.snzd.com\/\" target=\"_blank\" rel=\"noopener\">Cr\u00e9ations claires et efficaces<\/a><\/p>\n<p><strong>R\u00e9alisation du site<\/strong><\/p>\n<p>Multimages Productions<br \/>\n<a href=\"http:\/\/www.multimages.fr\/\" target=\"_blank\" rel=\"noopener\">Conception et r\u00e9alisation de site internet<\/a><\/p>\n<p><strong>Cr\u00e9dits photographiques<\/strong><\/p>\n<p>Phototh\u00e8que\u00a0<span class=\"maj\">Jidet<\/span>.<\/p>\n<p><strong>R\u00e9f\u00e9rencement et int\u00e9gration<\/strong><\/p>\n<p><a href=\"https:\/\/www.d2bconsulting.fr\/\">D2B Consulting<\/a>[\/vc_column_text][\/vc_column][\/vc_row][vc_row][vc_column][vc_column_text el_class=&#8221;txt-rouge fin h4-to-txt&#8221; css=&#8221;.vc_custom_1690810510596{margin-bottom: 0px !important;}&#8221;]<\/p>\n<h4>DROITS D&#8217;AUTEUR ET CONDITIONS D\u2019UTILISATION<\/h4>\n<p>[\/vc_column_text][vc_column_text]<span class=\"maj\">Jidet<\/span>\u00a0se r\u00e9serve le droit de faire \u00e9voluer et de modifier les conditions d&#8217;utilisations et le contenu du pr\u00e9sent site \u00e0 tout moment et sans pr\u00e9avis.<\/p>\n<p><strong>Contenus \u00e9ditoriaux<\/strong><\/p>\n<p><span class=\"maj\">Jidet<\/span>\u00a0s&#8217;efforce de communiquer sur son site des informations exactes et actualis\u00e9es. Toutefois, les informations diffus\u00e9es sur le pr\u00e9sent site ne sont pas contractuelles et ne constituent ni une garantie ni un engagement de la part de\u00a0<span class=\"maj\">Jidet<\/span>\u00a0\u00e0 l&#8217;\u00e9gard de tout contenu pr\u00e9sent\u00e9 sur ce site.<\/p>\n<p><span class=\"maj\">Jidet<\/span>\u00a0ne saurait \u00eatre tenue pour responsable de l&#8217;inexactitude des informations fournies ou de l&#8217;utilisation susceptible d&#8217;\u00eatre faite par les utilisateurs.<\/p>\n<p>Toute reproduction, int\u00e9grale ou partielle, des textes publi\u00e9s sur le site\u00a0<span class=\"maj\">www.jidet.com<\/span>\u00a0n&#8217;est pas soumise \u00e0 une autorisation pr\u00e9alable. Cette utilisation doit n\u00e9anmoins mentionner explicitement et obligatoirement la r\u00e9f\u00e9rence \u00e0\u00a0<span class=\"maj\">Jidet &#8211; FR<\/span>, ainsi que l&#8217;url du site source de l&#8217;article. Les utilisateurs des contenus \u00e9ditoriaux du site www.jidet.com informeront\u00a0<span class=\"maj\">Jidet<\/span>\u00a0de l&#8217;usage qui en a \u00e9t\u00e9 fait.<\/p>\n<p><strong>Photos, images fixes et anim\u00e9es<\/strong><\/p>\n<p>Les photos choisies pour pr\u00e9senter les produits, cuisin\u00e9s ou non, sont des suggestions de pr\u00e9sentation ou de pr\u00e9paration. Les produits vendus ne correspondent pas toujours \u00e0 ces photos pour plusieurs raisons. Quelques exemples : la photo peut repr\u00e9senter un plat pr\u00eat \u00e0 servir alors que nous le vendons cru, la recette peut \u00eatre chang\u00e9e pour des raisons d&#8217;approvisionnement ou de saison, la mise en sc\u00e8ne du plat n&#8217;ai pas adapt\u00e9e \u00e0 l&#8217;emballage et au transport du plat.<\/p>\n<p>Les photos, images fixes et anim\u00e9es, ne peuvent \u00eatre reproduites sans autorisation pr\u00e9alable sollicit\u00e9e aupr\u00e8s de\u00a0<span class=\"maj\">Jidet<\/span>. La demande pr\u00e9cisera le support de reproduction et son mode de diffusion. Les photos et les images utilis\u00e9es apr\u00e8s autorisation mentionneront le copyright de\u00a0<span class=\"maj\">Jidet<\/span>\u00a0ou celui indiqu\u00e9 au moment de l&#8217;autorisation.<\/p>\n<p>La reproduction de contenus \u00e9ditoriaux, de photos et d&#8217;images dans un but commercial ou publicitaire n&#8217;est pas autoris\u00e9e.<\/p>\n<p><strong>Liens hypertextes<\/strong><\/p>\n<p>Les liens pointant vers la page d&#8217;accueil ou l&#8217;une des pages du site\u00a0<span class=\"maj\">www.jidet.com<\/span>\u00a0peuvent \u00eatre \u00e9tablis sans autorisation pr\u00e9alable. Dans ce cas la mention explicite du lien &#8220;Site de\u00a0<span class=\"maj\">Jidet &#8211; FR<\/span>&#8221; sera faite pour informer l&#8217;internaute de la teneur du lien. Cette autorisation tacite n&#8217;est pas valable pour les sites ayant un but commercial ou publicitaire voulant ainsi se pr\u00e9valoir de la r\u00e9f\u00e9rence de\u00a0<span class=\"maj\">Jidet &#8211; FR<\/span>. Elle ne s\u2018applique pas non plus aux sites internet diffusant des informations \u00e0 caract\u00e8re illicite, violent, pol\u00e9mique, pornographique, x\u00e9nophobe ou pouvant porter atteinte \u00e0 la sensibilit\u00e9 du plus grand nombre.<\/p>\n<p><span class=\"maj\">Jidet<\/span>\u00a0ne saurait \u00eatre tenu responsable de l&#8217;utilisation abusive qui serait faite des contenus \u00e9ditoriaux, photos, images, liens et documents hors des sites dont il est l&#8217;\u00e9diteur.<\/p>\n<p>Les liens hypertextes \u00e9tablis en direction d&#8217;autres sites \u00e0 partir de\u00a0<span class=\"maj\">www.jidet.com<\/span>\u00a0ne sauraient, en aucun cas, engager la responsabilit\u00e9 de\u00a0<span class=\"maj\">Jidet<\/span>.<\/p>\n<p><strong>Liens vers les documents<\/strong><\/p>\n<p>Il est recommand\u00e9 de ne pas pointer directement vers les documents t\u00e9l\u00e9chargeables du site (programmes, plaquettes, formulaires &#8230;) mais de pointer vers les pages les contenant.[\/vc_column_text][\/vc_column][\/vc_row][vc_row][vc_column][vc_column_text el_class=&#8221;txt-rouge fin h4-to-txt&#8221; css=&#8221;.vc_custom_1690810546996{margin-bottom: 0px !important;}&#8221;]<\/p>\n<h4 id=\"cookies\">TRAITEMENT DES DONN\u00c9ES PERSONNELLES<\/h4>\n<p>[\/vc_column_text][vc_column_text]Veuillez consulter notre\u00a0<a href=\"https:\/\/www.jidet.com\/en\/politique-de-confidentialite-2\/\">politique de confidentialit\u00e9<\/a>.[\/vc_column_text][vc_column_text]<\/p>\n<div id=\"mentions-legales\" class=\"mod_article first last block\">\n<div class=\"mod_cadre\">\n<div class=\"ce_text mentions first last block\">\n<p>Pour toute suggestion, information, r\u00e9action concernant ce site, n&#8217;h\u00e9sitez pas \u00e0 nous contacter.<\/p>\n<\/div>\n<\/div>\n<\/div>\n<div class=\"nav_pied\">\n<div class=\"plus rond back block\"><\/div>\n<\/div>\n<p>[\/vc_column_text][\/vc_column][\/vc_row]<\/p>\n<\/section>","protected":false},"excerpt":{"rendered":"<p>[vc_row][vc_column][vc_empty_space][\/vc_column][\/vc_row][vc_row][vc_column][vc_column_text el_class=&#8221;txt-rouge fin h4-to-txt&#8221; css=&#8221;.vc_custom_1690810439540{margin-bottom: 0px !important;}&#8221;] EDITEUR DU SITE [\/vc_column_text][vc_column_text]Le pr\u00e9sent site est la propri\u00e9t\u00e9 de la soci\u00e9t\u00e9 JIDET ci-apr\u00e8s nomm\u00e9\u00a0Jidet. Jidet 490 rue du<span class=\"excerpt-hellip\"> [\u2026]<\/span><\/p>\n","protected":false},"author":1,"featured_media":0,"parent":0,"menu_order":0,"comment_status":"closed","ping_status":"closed","template":"","meta":{"footnotes":""},"class_list":["post-887","page","type-page","status-publish","hentry"],"yoast_head":"<!-- This site is optimized with the Yoast SEO plugin v27.5 - https:\/\/yoast.com\/product\/yoast-seo-wordpress\/ -->\n<title>MENTIONS L\u00c9GALES &amp; CR\u00c9DITS - JIDET - EN<\/title>\n<meta name=\"robots\" content=\"index, follow, max-snippet:-1, max-image-preview:large, max-video-preview:-1\" \/>\n<link rel=\"canonical\" href=\"https:\/\/www.jidet.com\/en\/mentions-legales-credits\/\" \/>\n<meta property=\"og:locale\" content=\"en_GB\" \/>\n<meta property=\"og:type\" content=\"article\" \/>\n<meta property=\"og:title\" content=\"MENTIONS L\u00c9GALES &amp; CR\u00c9DITS - JIDET - EN\" \/>\n<meta property=\"og:description\" content=\"[vc_row][vc_column][vc_empty_space][\/vc_column][\/vc_row][vc_row][vc_column][vc_column_text el_class=&#8221;txt-rouge fin h4-to-txt&#8221; css=&#8221;.vc_custom_1690810439540{margin-bottom: 0px !important;}&#8221;] EDITEUR DU SITE [\/vc_column_text][vc_column_text]Le pr\u00e9sent site est la propri\u00e9t\u00e9 de la soci\u00e9t\u00e9 JIDET ci-apr\u00e8s nomm\u00e9\u00a0Jidet. Jidet 490 rue du [\u2026]\" \/>\n<meta property=\"og:url\" content=\"https:\/\/www.jidet.com\/en\/mentions-legales-credits\/\" \/>\n<meta property=\"og:site_name\" content=\"JIDET - EN\" \/>\n<meta property=\"article:modified_time\" content=\"2023-07-31T14:17:57+00:00\" \/>\n<meta name=\"twitter:card\" content=\"summary_large_image\" \/>\n<meta name=\"twitter:label1\" content=\"Estimated reading time\" \/>\n\t<meta name=\"twitter:data1\" content=\"4 minutes\" \/>\n<script type=\"application\/ld+json\" class=\"yoast-schema-graph\">{\"@context\":\"https:\\\/\\\/schema.org\",\"@graph\":[{\"@type\":\"WebPage\",\"@id\":\"https:\\\/\\\/www.jidet.com\\\/en\\\/mentions-legales-credits\\\/\",\"url\":\"https:\\\/\\\/www.jidet.com\\\/en\\\/mentions-legales-credits\\\/\",\"name\":\"MENTIONS L\u00c9GALES & CR\u00c9DITS - JIDET - EN\",\"isPartOf\":{\"@id\":\"https:\\\/\\\/www.jidet.com\\\/en\\\/#website\"},\"datePublished\":\"2023-07-31T13:32:51+00:00\",\"dateModified\":\"2023-07-31T14:17:57+00:00\",\"inLanguage\":\"en-GB\",\"potentialAction\":[{\"@type\":\"ReadAction\",\"target\":[\"https:\\\/\\\/www.jidet.com\\\/en\\\/mentions-legales-credits\\\/\"]}]},{\"@type\":\"WebSite\",\"@id\":\"https:\\\/\\\/www.jidet.com\\\/en\\\/#website\",\"url\":\"https:\\\/\\\/www.jidet.com\\\/en\\\/\",\"name\":\"JIDET - EN\",\"description\":\"\",\"potentialAction\":[{\"@type\":\"SearchAction\",\"target\":{\"@type\":\"EntryPoint\",\"urlTemplate\":\"https:\\\/\\\/www.jidet.com\\\/en\\\/?s={search_term_string}\"},\"query-input\":{\"@type\":\"PropertyValueSpecification\",\"valueRequired\":true,\"valueName\":\"search_term_string\"}}],\"inLanguage\":\"en-GB\"}]}<\/script>\n<!-- \/ Yoast SEO plugin. -->","yoast_head_json":{"title":"MENTIONS L\u00c9GALES & CR\u00c9DITS - JIDET - EN","robots":{"index":"index","follow":"follow","max-snippet":"max-snippet:-1","max-image-preview":"max-image-preview:large","max-video-preview":"max-video-preview:-1"},"canonical":"https:\/\/www.jidet.com\/en\/mentions-legales-credits\/","og_locale":"en_GB","og_type":"article","og_title":"MENTIONS L\u00c9GALES & CR\u00c9DITS - JIDET - EN","og_description":"[vc_row][vc_column][vc_empty_space][\/vc_column][\/vc_row][vc_row][vc_column][vc_column_text el_class=&#8221;txt-rouge fin h4-to-txt&#8221; css=&#8221;.vc_custom_1690810439540{margin-bottom: 0px !important;}&#8221;] EDITEUR DU SITE [\/vc_column_text][vc_column_text]Le pr\u00e9sent site est la propri\u00e9t\u00e9 de la soci\u00e9t\u00e9 JIDET ci-apr\u00e8s nomm\u00e9\u00a0Jidet. Jidet 490 rue du [\u2026]","og_url":"https:\/\/www.jidet.com\/en\/mentions-legales-credits\/","og_site_name":"JIDET - EN","article_modified_time":"2023-07-31T14:17:57+00:00","twitter_card":"summary_large_image","twitter_misc":{"Estimated reading time":"4 minutes"},"schema":{"@context":"https:\/\/schema.org","@graph":[{"@type":"WebPage","@id":"https:\/\/www.jidet.com\/en\/mentions-legales-credits\/","url":"https:\/\/www.jidet.com\/en\/mentions-legales-credits\/","name":"MENTIONS L\u00c9GALES & CR\u00c9DITS - JIDET - EN","isPartOf":{"@id":"https:\/\/www.jidet.com\/en\/#website"},"datePublished":"2023-07-31T13:32:51+00:00","dateModified":"2023-07-31T14:17:57+00:00","inLanguage":"en-GB","potentialAction":[{"@type":"ReadAction","target":["https:\/\/www.jidet.com\/en\/mentions-legales-credits\/"]}]},{"@type":"WebSite","@id":"https:\/\/www.jidet.com\/en\/#website","url":"https:\/\/www.jidet.com\/en\/","name":"JIDET - EN","description":"","potentialAction":[{"@type":"SearchAction","target":{"@type":"EntryPoint","urlTemplate":"https:\/\/www.jidet.com\/en\/?s={search_term_string}"},"query-input":{"@type":"PropertyValueSpecification","valueRequired":true,"valueName":"search_term_string"}}],"inLanguage":"en-GB"}]}},"_links":{"self":[{"href":"https:\/\/www.jidet.com\/en\/wp-json\/wp\/v2\/pages\/887","targetHints":{"allow":["GET"]}}],"collection":[{"href":"https:\/\/www.jidet.com\/en\/wp-json\/wp\/v2\/pages"}],"about":[{"href":"https:\/\/www.jidet.com\/en\/wp-json\/wp\/v2\/types\/page"}],"author":[{"embeddable":true,"href":"https:\/\/www.jidet.com\/en\/wp-json\/wp\/v2\/users\/1"}],"replies":[{"embeddable":true,"href":"https:\/\/www.jidet.com\/en\/wp-json\/wp\/v2\/comments?post=887"}],"version-history":[{"count":5,"href":"https:\/\/www.jidet.com\/en\/wp-json\/wp\/v2\/pages\/887\/revisions"}],"predecessor-version":[{"id":889,"href":"https:\/\/www.jidet.com\/en\/wp-json\/wp\/v2\/pages\/887\/revisions\/889"}],"wp:attachment":[{"href":"https:\/\/www.jidet.com\/en\/wp-json\/wp\/v2\/media?parent=887"}],"curies":[{"name":"wp","href":"https:\/\/api.w.org\/{rel}","templated":true}]}}